{"id":2930,"date":"2025-07-31T22:42:10","date_gmt":"2025-07-31T20:42:10","guid":{"rendered":"https:\/\/amuil.no\/?page_id=2930"},"modified":"2025-08-05T13:47:48","modified_gmt":"2025-08-05T11:47:48","slug":"solidaritetsfond","status":"publish","type":"page","link":"https:\/\/amuil.no\/?page_id=2930","title":{"rendered":"Solidaritetsfond"},"content":{"rendered":"<p><img loading=\"lazy\" decoding=\"async\" src=\"http:\/\/amuil.no\/wp-content\/uploads\/2025\/07\/Solidaritetsfondet-252x300.png\" sizes=\"auto, (max-width: 252px) 100vw, 252px\" srcset=\"https:\/\/amuil.no\/wp-content\/uploads\/2025\/07\/Solidaritetsfondet-252x300.png 252w, https:\/\/amuil.no\/wp-content\/uploads\/2025\/07\/Solidaritetsfondet-862x1024.png 862w, https:\/\/amuil.no\/wp-content\/uploads\/2025\/07\/Solidaritetsfondet-768x913.png 768w, https:\/\/amuil.no\/wp-content\/uploads\/2025\/07\/Solidaritetsfondet-1293x1536.png 1293w, https:\/\/amuil.no\/wp-content\/uploads\/2025\/07\/Solidaritetsfondet.png 1662w\" alt=\"\" width=\"252\" height=\"300\"><\/p>\n<p>AMUIL \u00f8nsker at alle barn og unge skal f\u00e5 mulighet til \u00e5 delta i idrettslaget v\u00e5rt, uansett familiens \u00f8konomi!<\/p>\n<p>Derfor har AMUIL et Solidaritetsfond som kan gi \u00f8konomisk st\u00f8tte\/fritak til barn og unge mellom 6-19 \u00e5r som er medlemmer eller vurderer medlemskap hos oss.<\/p>\n<p>Du kan s\u00f8ke AMUIL Solidaritetsfondet om:<\/p>\n<ol>\n<li>St\u00f8tte til medlems- og aktivitetsavgiften (hel\/ delfinansiering)<\/li>\n<li>Cupdeltagelse(hel\/delfinansiering)<\/li>\n<li>Treningsutstyr(hel\/delfinansiering)<\/li>\n<\/ol>\n<p>S\u00f8knaden m\u00e5 inneholde:<\/p>\n<ul>\n<li>Navn p\u00e5 barnet\/ungdommen<\/li>\n<li>Navn p\u00e5 s\u00f8ker<\/li>\n<li>Hva du s\u00f8ker st\u00f8tte til<\/li>\n<\/ul>\n<p>Alle opplysninger blir behandlet konfidensielt &#8211; vi har taushetsplikt. Det er styreleder i AMUIL som er ansvarlig for solidaritetsforndet hos oss.<\/p>\n<p>Hvis du lurer p\u00e5 noe om solidaritetsfondet og\/eller \u00f8nsker \u00e5 sende en s\u00f8knad, kontakt styreleder Kjersti (<a href=\"mailto:leder@amil.no\">leder@amil.no<\/a> \/ 452 46 287).<\/p>\n<p>Vi \u00f8nsker at Alle skal med! Ogs\u00e5 de som har eventuelle utfordringer med \u00e5 betale. Du er s\u00e5fall ikke den eneste.<\/p>\n<p>Mvh AMUIL<\/p>\n","protected":false},"excerpt":{"rendered":"<p>AMUIL \u00f8nsker at alle barn og unge skal f\u00e5 mulighet til \u00e5 delta i idrettslaget v\u00e5rt, uansett familiens \u00f8konomi! Derfor har AMUIL et Solidaritetsfond som kan gi \u00f8konomisk st\u00f8tte\/fritak til barn og unge mellom 6-19 \u00e5r som er medlemmer eller vurderer medlemskap hos oss. Du kan s\u00f8ke AMUIL Solidaritetsfondet om: St\u00f8tte til medlems- og aktivitetsavgiften [&hellip;]<\/p>\n","protected":false},"author":2,"featured_media":0,"parent":0,"menu_order":0,"comment_status":"closed","ping_status":"closed","template":"","meta":{"ngg_post_thumbnail":0,"footnotes":""},"class_list":["post-2930","page","type-page","status-publish","hentry"],"_links":{"self":[{"href":"https:\/\/amuil.no\/index.php?rest_route=\/wp\/v2\/pages\/2930","targetHints":{"allow":["GET"]}}],"collection":[{"href":"https:\/\/amuil.no\/index.php?rest_route=\/wp\/v2\/pages"}],"about":[{"href":"https:\/\/amuil.no\/index.php?rest_route=\/wp\/v2\/types\/page"}],"author":[{"embeddable":true,"href":"https:\/\/amuil.no\/index.php?rest_route=\/wp\/v2\/users\/2"}],"replies":[{"embeddable":true,"href":"https:\/\/amuil.no\/index.php?rest_route=%2Fwp%2Fv2%2Fcomments&post=2930"}],"version-history":[{"count":9,"href":"https:\/\/amuil.no\/index.php?rest_route=\/wp\/v2\/pages\/2930\/revisions"}],"predecessor-version":[{"id":2956,"href":"https:\/\/amuil.no\/index.php?rest_route=\/wp\/v2\/pages\/2930\/revisions\/2956"}],"wp:attachment":[{"href":"https:\/\/amuil.no\/index.php?rest_route=%2Fwp%2Fv2%2Fmedia&parent=2930"}],"curies":[{"name":"wp","href":"https:\/\/api.w.org\/{rel}","templated":true}]}}