{"id":2975,"date":"2025-08-05T15:05:18","date_gmt":"2025-08-05T13:05:18","guid":{"rendered":"https:\/\/amuil.no\/?page_id=2975"},"modified":"2025-08-05T15:05:19","modified_gmt":"2025-08-05T13:05:19","slug":"politiattest","status":"publish","type":"page","link":"https:\/\/amuil.no\/?page_id=2975","title":{"rendered":"Politiattest"},"content":{"rendered":"\n\n\n<p><strong>Ang\u00e5ende frivillige oppgaver som inneb\u00e6rer et tillits- eller ansvarsforhold til mindre\u00e5rige eller mennesker med utviklingshemming:<\/strong><\/p>\n<p>Alle med oppgaver i AMUIL som inneb\u00e6rer et tillits- eller ansvarsforhold til mindre\u00e5rige eller mennesker med utviklingshemming, skal vise politiattest. Dette for at AMUIL skal v\u00e6re et trygt sted \u00e5 h\u00f8re til. Form\u00e5let med tjenesten er \u00e5 hindre at personer som tidligere har beg\u00e5tt lovbrudd, skal kunne beg\u00e5 nye lovbrudd i idretten. AMUIL vurderer til enhver tid hvilke roller og oppgaver som krever politiattest basert p\u00e5 tillits- eller ansvarsforholdet. Enkelte roller, som trenere i barne- og ungdomsidrett, krever<u> alltid<\/u> politiattest.<\/p>\n<p>AMUIL benytter idrettens digitale tjeneste for innhenting og fremvisning av politiattester fra 2025. Det tidligere form\u00e5lsskjemaet er erstattet med en hel-elektronisk form\u00e5lsbekreftelse. Den digitale l\u00f8sningen s\u00f8rger for sikker og effektiv behandling gjennom at s\u00f8ker kan dele politiattesten digitalt. Tjenesten er n\u00e5 heldigital.<\/p>\n<p>&nbsp;<\/p>\n<p><strong>Hvordang fungerer dette i praksis?<\/strong><\/p>\n<p>Dersom du blir frivillig i AMUIL og trenger politiattest, vil klubbens medlemsansvarlig(e) tildele deg rollen, f.eks barnetrener, i v\u00e5rt medlemssystem. Du f\u00e5r beskjed i Min idrett og p\u00e5 e-post n\u00e5r du kan starte prosessen med \u00e5 s\u00f8ke om politiattest. S\u00f8ker logger inn i MinIdrett og samtykker til at data om at du er tildelt rollen kan deles med politiet. N\u00e5r s\u00f8ker kommer inn p\u00e5 politiets sider, er s\u00f8knaden forh\u00e5ndsutfylt. Se eksempel under p\u00e5 e-post som kommer til deg etter at du er tildelt en rolle som krever politiattest.<\/p>\n<p><strong>&nbsp;<\/strong><\/p>\n<p><strong><em>Hei Kari\/Ola Nordmann<\/em><\/strong><em><br>Du er tildelt en rolle i&nbsp;<strong>Austre Moland Ungdoms Og Idrettslag (a.m.u.i.l)<\/strong>&nbsp;som krever politiattest.<br><br><strong>Slik s\u00f8ker og deler du politiattest med idrettslaget:<\/strong><\/em><\/p>\n<ol>\n<li><strong><em>Gi samtykke til innhenting og deling av opplysninger<\/em><\/strong><em><br>G\u00e5 hit for \u00e5 starte s\u00f8knad om politiattest:&nbsp;Her fremkommer link til MinSide<\/em><\/li>\n<li><strong><em>Fullf\u00f8r s\u00f8knaden p\u00e5 politiets sider<\/em><\/strong>\n<ul>\n<li><em>N\u00e5r du har samtykket, velg \u00abStart s\u00f8knad\u00bb<\/em><\/li>\n<li><em>Fullf\u00f8r s\u00f8knaden p\u00e5 politiets nettsider ved \u00e5 f\u00f8lge de oppgitte instruksjonene.<\/em><\/li>\n<li><em>Du kan f\u00f8lge status p\u00e5 s\u00f8knaden p\u00e5 politiets sider.<br><strong>NB:<\/strong>&nbsp;S\u00f8knaden m\u00e5 fullf\u00f8res innen 1 m\u00e5ned etter at s\u00f8knad om politiattest er p\u00e5begynt.<\/em><\/li>\n<\/ul>\n<\/li>\n<\/ol>\n<p><em><br><strong>N\u00e5r du mottar politiattesten:<\/strong><br><br><strong>&#8211; Har du Digipost?<\/strong><br>Du mottar foresp\u00f8rsel om deling av politiattesten, f\u00f8r du har mottatt attesten fra politiet. N\u00e5r du mottar attesten, \u00e5pne meldingen &laquo;Foresp\u00f8rsel om deling av politiattest&raquo;, og trykk p\u00e5 &laquo;Del dokument&raquo;. Velg gyldig attest (maks 5 m\u00e5neder gammel).<br><br><strong>Viktig:<\/strong>&nbsp;For \u00e5 dele attesten enkelt og trygt med idrettslaget, bruk delingsforesp\u00f8rselen. Ikke last opp attesten i en ny melding.<br><br><strong>&#8211; Har du ikke Digipost?<\/strong><br>Etter at du har mottatt attesten (digitalt eller per post), m\u00e5 du avtale et fysisk m\u00f8te med politiattestansvarlig i idrettslaget for \u00e5 dele attesten.<br><br><strong>Merk:<\/strong>&nbsp;Dersom du eller idrettslaget har valgt \u00e5 avslutte rollen i mellomtiden, kan du se bort fra denne meldingen.<br><br><strong>Takk for at du bidrar til idretten!<\/strong><br><br>Vennlig hilsen,<br>Austre Moland Ungdoms Og Idrettslag (a.m.u.i.l)<\/em><\/p>\n<p>&nbsp;<\/p>\n<p>Har du sp\u00f8rsm\u00e5l om ordningen med politiattst, vennligst kontakt <a href=\"mailto:leder@amil.no\">politiattestansvarlig<\/a> i AMUIL, eller les om <a href=\"https:\/\/www.idrettsforbundet.no\/tema\/politiattest\/\">politiattestordningen p\u00e5 NIF sine sider<\/a><\/p>\n","protected":false},"excerpt":{"rendered":"<p>Ang\u00e5ende frivillige oppgaver som inneb\u00e6rer et tillits- eller ansvarsforhold til mindre\u00e5rige eller mennesker med utviklingshemming: Alle med oppgaver i AMUIL som inneb\u00e6rer et tillits- eller ansvarsforhold til mindre\u00e5rige eller mennesker med utviklingshemming, skal vise politiattest. Dette for at AMUIL skal v\u00e6re et trygt sted \u00e5 h\u00f8re til. Form\u00e5let med tjenesten er \u00e5 hindre at personer [&hellip;]<\/p>\n","protected":false},"author":2,"featured_media":0,"parent":0,"menu_order":0,"comment_status":"closed","ping_status":"closed","template":"","meta":{"ngg_post_thumbnail":0,"footnotes":""},"class_list":["post-2975","page","type-page","status-publish","hentry"],"_links":{"self":[{"href":"https:\/\/amuil.no\/index.php?rest_route=\/wp\/v2\/pages\/2975","targetHints":{"allow":["GET"]}}],"collection":[{"href":"https:\/\/amuil.no\/index.php?rest_route=\/wp\/v2\/pages"}],"about":[{"href":"https:\/\/amuil.no\/index.php?rest_route=\/wp\/v2\/types\/page"}],"author":[{"embeddable":true,"href":"https:\/\/amuil.no\/index.php?rest_route=\/wp\/v2\/users\/2"}],"replies":[{"embeddable":true,"href":"https:\/\/amuil.no\/index.php?rest_route=%2Fwp%2Fv2%2Fcomments&post=2975"}],"version-history":[{"count":2,"href":"https:\/\/amuil.no\/index.php?rest_route=\/wp\/v2\/pages\/2975\/revisions"}],"predecessor-version":[{"id":2991,"href":"https:\/\/amuil.no\/index.php?rest_route=\/wp\/v2\/pages\/2975\/revisions\/2991"}],"wp:attachment":[{"href":"https:\/\/amuil.no\/index.php?rest_route=%2Fwp%2Fv2%2Fmedia&parent=2975"}],"curies":[{"name":"wp","href":"https:\/\/api.w.org\/{rel}","templated":true}]}}