{"id":3176,"date":"2026-03-02T09:05:17","date_gmt":"2026-03-02T08:05:17","guid":{"rendered":"https:\/\/amuil.no\/?page_id=3176"},"modified":"2026-03-02T09:12:07","modified_gmt":"2026-03-02T08:12:07","slug":"varsling-i-amuil-trygg-idrett","status":"publish","type":"page","link":"https:\/\/amuil.no\/?page_id=3176","title":{"rendered":"Varsling i AMUIL &#8211; Trygg Idrett"},"content":{"rendered":"\n\n\n<p>I AMUIL skal alle v\u00e6re trygge. Si fra n\u00e5r du opplever noe som er et brudd p\u00e5 v\u00e5rt reglement,<br>etiske leveregler og retningslinjer. Vi \u00f8nsker \u00e5 f\u00e5 vite om kritikkverdige forhold hos oss og er<br>takknemlige for at du sier fra om du har opplevd eller v\u00e6rt vitne til u\u00f8nskede hendelser, handlinger eller oppf\u00f8rsel. I AMUIL tar vi alle varsler om kritikkverdige forhold p\u00e5 alvor.<\/p>\n\n\n\n<h2><span style=\"color: #ff0000;\"><a style=\"color: #ff0000;\" href=\"https:\/\/www.idrettsforbundet.no\/tema\/varsling\/mer-om-tema\/\">Si fra her (Mitt Varsel)<\/a><\/span><\/h2>\n\n\n\n<p>&nbsp; &nbsp; &nbsp;&nbsp;<\/p>\n\n\n\n<p>I AMUIL har vi gode rutiner er for \u00e5 sikre at varsling skal v\u00e6re trygt for den som sier fra. Les videre om du \u00f8nsker du vite mer om varsling, \u00e5 hjelpe en som vil varsle eller saksgang i en varslingssak.<\/p>\n\n\n\n<p><strong>Hva kan du varsle om?<\/strong><br>Du kan si fra om hendelser eller handlinger som du selv har opplevd, har oppdaget, har direkte kjennskap til, eller har h\u00f8rt om fra andre. Det skal v\u00e6re en lav terskel for \u00e5 si fra om brudd p\u00e5 idrettens regler og retningslinjer. <\/p>\n\n\n\n<p>Eksempler p\u00e5 temaer du kan si ifra om er underslag av penger, trakassering fra trener, mobbing fra andre ut\u00f8vere, juksing i konkurranser, rasistiske utrop, diskriminerende oppf\u00f8rsel med mer. Du kan lese mer om temaer du kan varsle om her: <a href=\"https:\/\/www.idrettsforbundet.no\/tema\/varsling\/mer-om-tema\/\">https:\/\/www.idrettsforbundet.no\/tema\/varsling\/mer-om-tema\/<\/a><\/p>\n\n\n\n<p>&nbsp;<\/p>\n<p>&nbsp;<\/p>\n\n\n\n<h2>Informasjon om \u00e5 varsle<\/h2>\n\n\n\n<p><strong>1) Hva betyr det \u00e5 varsle og hvordan varsler du?<\/strong><br>\u00c5 varsle betyr \u00e5 si fra eller advare om kritikkverdige eller ulovlige hendelser eller handlinger. M\u00e5let med \u00e5 varsle er \u00e5 si ifra til en person som kan gj\u00f8re noe med det som er skjedd, ivareta personen som eventuelt er blitt utsatt for noe kritikkverdig, og stoppe at det skjer igjen. <\/p>\n\n\n\n<p>Det er viktig at du sier ifra der hendelsen har skjedd. Det vil si at du b\u00f8r si fra direkte til en ansvarsperson eller leder for den aktiviteten du er med i eller arrangement du har deltatt p\u00e5. Du kan si fra skriftlig via varslingsskjema, over telefonen eller ved personlig m\u00f8te. Om du velger \u00e5 si fra muntlig, anbefaler vi uansett at du selv fyller ut skjema for varsling slik at du forklarer med egne ord hva som har skjedd. Lenke til varslingsskjema finner du her: <a href=\"https:\/\/www.idrettsforbundet.no\/tema\/varsling\/mer-om-tema\/\">Mitt Varsel<\/a><\/p>\n\n\n\n<p><strong>2) Hva b\u00f8r du tenke p\u00e5 n\u00e5r du varsler?<\/strong><br>Det er viktig at du som varsler f\u00f8ler deg trygg. Her er noen r\u00e5d og tips n\u00e5r du skal varsle:<\/p>\n\n\n\n<ul class=\"wp-block-list\">\n<li>Oppsummer hva som har skjedd, hvem du varsler om, andre som er involvert og hvor det har skjedd.<\/li>\n\n\n\n<li>V\u00e6r s\u00e5 konkret som mulig. Om det er flere hendelser, beskriv dem separat og lag en tidslinje.<\/li>\n\n\n\n<li>Har du dokumentasjon, bilder, sms, chat, film etc. p\u00e5 det som har skjedd, send dette inn som vedlegg.<\/li>\n\n\n\n<li>Vet du om andre som har v\u00e6rt vitne til det som har skjedd eller opplevd lignende hendelser, inkluder navn og kontaktinformasjon til dem.<\/li>\n<\/ul>\n\n\n\n<p>\u00d8nsker du r\u00e5dgivning om \u00e5 varsle, enten i forkant eller underveis, ta <a href=\"https:\/\/amuil.no\/?page_id=2020\">kontakt med oss<\/a>.<\/p>\n\n\n\n<p><strong>3) Hva skjer n\u00e5r du har sendt inn varselet?<\/strong><br>Etter at du har sendt inn et varsel, vil saken bli tildelt til to av v\u00e5re saksbehandlere for varslingssaker. Du har mulighet til \u00e5 kommunisere med dem gjennom hele behandlingen. Om du ikke h\u00f8rer noe innen 5 dager, ta gjerne kontakt med oss for \u00e5 v\u00e6re sikker p\u00e5 at varselet er mottatt. Vi mottar alle varslingssaker gjennom l\u00f8sningen Mitt varsel. N\u00e5r et varsel sendes inn er det v\u00e5r leder som er den som vil ta imot varselet. Om du \u00f8nsker at f\u00f8rste mottaker skal v\u00e6re en annen person, ta <a href=\"https:\/\/amuil.no\/?page_id=2020\">kontakt med oss<\/a>.<\/p>\n\n\n\n<h2>Saksgang i en varslingssak<\/h2>\n\n\n\n<p>I AMUIL h\u00e5ndterer vi alle varsler i henhold til v\u00e5re rutiner. Alle saker skal f\u00f8lges opp, og i noen tilfeller kan saken v\u00e6re s\u00e5 alvorlig at ogs\u00e5 politiet m\u00e5 involveres. Vi har egne saksansvarlige som vil h\u00e5ndtere saken fra start til slutt. Disse har ansvar for \u00e5 sikre en god saksgang og at de ulike partene i saken blir ivaretatt underveis.<\/p>\n\n\n\n<p>I AMUIL bruker vi Mitt varsel. Dette er et digitalt system for behandling av varsler. Systemet er kryptert og sikrer at all informasjon som sendes inn oppbevares riktig og i henhold til krav om lagring av personsensitiv informasjon.<\/p>\n\n\n\n<p>Mer om gangen i h\u00e5ndtering av en sak kan du ogs\u00e5 lese om p\u00e5 <a href=\"https:\/\/www.idrettsforbundet.no\/tema\/varsling\/\">Idrettsforbundet sine ressurssider om varsling.&nbsp;<\/a><\/p>\n\n\n","protected":false},"excerpt":{"rendered":"<p>I AMUIL skal alle v\u00e6re trygge. Si fra n\u00e5r du opplever noe som er et brudd p\u00e5 v\u00e5rt reglement,etiske leveregler og retningslinjer. Vi \u00f8nsker \u00e5 f\u00e5 vite om kritikkverdige forhold hos oss og ertakknemlige for at du sier fra om du har opplevd eller v\u00e6rt vitne til u\u00f8nskede hendelser, handlinger eller oppf\u00f8rsel. I AMUIL tar [&hellip;]<\/p>\n","protected":false},"author":2,"featured_media":0,"parent":0,"menu_order":0,"comment_status":"closed","ping_status":"closed","template":"","meta":{"ngg_post_thumbnail":0,"footnotes":""},"class_list":["post-3176","page","type-page","status-publish","hentry"],"_links":{"self":[{"href":"https:\/\/amuil.no\/index.php?rest_route=\/wp\/v2\/pages\/3176","targetHints":{"allow":["GET"]}}],"collection":[{"href":"https:\/\/amuil.no\/index.php?rest_route=\/wp\/v2\/pages"}],"about":[{"href":"https:\/\/amuil.no\/index.php?rest_route=\/wp\/v2\/types\/page"}],"author":[{"embeddable":true,"href":"https:\/\/amuil.no\/index.php?rest_route=\/wp\/v2\/users\/2"}],"replies":[{"embeddable":true,"href":"https:\/\/amuil.no\/index.php?rest_route=%2Fwp%2Fv2%2Fcomments&post=3176"}],"version-history":[{"count":8,"href":"https:\/\/amuil.no\/index.php?rest_route=\/wp\/v2\/pages\/3176\/revisions"}],"predecessor-version":[{"id":3190,"href":"https:\/\/amuil.no\/index.php?rest_route=\/wp\/v2\/pages\/3176\/revisions\/3190"}],"wp:attachment":[{"href":"https:\/\/amuil.no\/index.php?rest_route=%2Fwp%2Fv2%2Fmedia&parent=3176"}],"curies":[{"name":"wp","href":"https:\/\/api.w.org\/{rel}","templated":true}]}}